{"id":2497,"date":"2021-12-06T04:12:16","date_gmt":"2021-12-06T03:12:16","guid":{"rendered":"https:\/\/jaroslawolewicz.com\/wydarzenia\/?page_id=2497"},"modified":"2022-04-05T17:46:07","modified_gmt":"2022-04-05T15:46:07","slug":"ttt","status":"publish","type":"page","link":"https:\/\/jaroslawolewicz.com\/wydarzenia\/","title":{"rendered":"Strona g\u0142\u00f3wna"},"content":{"rendered":"\t\t<div data-elementor-type=\"wp-page\" data-elementor-id=\"2497\" class=\"elementor elementor-2497\" data-elementor-settings=\"[]\">\n\t\t\t\t\t\t<div class=\"elementor-inner\">\n\t\t\t\t\t\t\t<div class=\"elementor-section-wrap\">\n\t\t\t\t\t\t\t<section class=\"elementor-section elementor-top-section elementor-element elementor-element-57d28fc3 elementor-section-boxed elementor-section-height-default elementor-section-height-default\" data-id=\"57d28fc3\" data-element_type=\"section\" data-settings=\"{&quot;background_background&quot;:&quot;classic&quot;}\">\n\t\t\t\t\t\t<div class=\"elementor-container elementor-column-gap-thegem\">\n\t\t\t\t\t\t\t<div class=\"elementor-row\">\n\t\t\t\t\t<div class=\"elementor-column elementor-col-100 elementor-top-column elementor-element elementor-element-3e59f2c4\" data-id=\"3e59f2c4\" data-element_type=\"column\" data-settings=\"{&quot;background_background&quot;:&quot;classic&quot;}\">\n\t\t\t<div class=\"elementor-column-wrap elementor-element-populated\">\n\t\t\t\t\t\t\t<div class=\"elementor-widget-wrap\">\n\t\t\t\t\t\t<div class=\"elementor-element elementor-element-762d3f6f elementor-widget elementor-widget-heading\" data-id=\"762d3f6f\" data-element_type=\"widget\" data-widget_type=\"heading.default\">\n\t\t\t\t<div class=\"elementor-widget-container\">\n\t\t\t<div class=\"title-h1 elementor-heading-title elementor-size-default\">Witaj na mojej stronie z wydarzeniami<\/div>\t\t<\/div>\n\t\t\t\t<\/div>\n\t\t\t\t<div class=\"elementor-element elementor-element-adf7d82 elementor-widget-divider--view-line elementor-widget elementor-widget-divider\" data-id=\"adf7d82\" data-element_type=\"widget\" data-widget_type=\"divider.default\">\n\t\t\t\t<div class=\"elementor-widget-container\">\n\t\t\t\t\t<div class=\"elementor-divider\">\n\t\t\t<span class=\"elementor-divider-separator\">\n\t\t\t\t\t\t<\/span>\n\t\t<\/div>\n\t\t\t\t<\/div>\n\t\t\t\t<\/div>\n\t\t\t\t<div class=\"elementor-element elementor-element-dff78af elementor-widget elementor-widget-image\" data-id=\"dff78af\" data-element_type=\"widget\" data-widget_type=\"image.default\">\n\t\t\t\t<div class=\"elementor-widget-container\">\n\t\t\t\t\t\t\t\t<div class=\"elementor-image\">\n\t\t\t\t\t\t\t\t\t\t\t\t<img decoding=\"async\" width=\"300\" height=\"300\" src=\"https:\/\/jaroslawolewicz.com\/wydarzenia\/wp-content\/uploads\/2021\/08\/cropped-Color-logo-no-background-kopia-300x300.png\" class=\"attachment-medium size-medium\" alt=\"\" srcset=\"https:\/\/jaroslawolewicz.com\/wydarzenia\/wp-content\/uploads\/2021\/08\/cropped-Color-logo-no-background-kopia-300x300.png 300w, https:\/\/jaroslawolewicz.com\/wydarzenia\/wp-content\/uploads\/2021\/08\/cropped-Color-logo-no-background-kopia-150x150.png 150w, https:\/\/jaroslawolewicz.com\/wydarzenia\/wp-content\/uploads\/2021\/08\/cropped-Color-logo-no-background-kopia-256x256.png 256w, https:\/\/jaroslawolewicz.com\/wydarzenia\/wp-content\/uploads\/2021\/08\/cropped-Color-logo-no-background-kopia-270x270.png 270w, https:\/\/jaroslawolewicz.com\/wydarzenia\/wp-content\/uploads\/2021\/08\/cropped-Color-logo-no-background-kopia-192x192.png 192w, https:\/\/jaroslawolewicz.com\/wydarzenia\/wp-content\/uploads\/2021\/08\/cropped-Color-logo-no-background-kopia-180x180.png 180w, https:\/\/jaroslawolewicz.com\/wydarzenia\/wp-content\/uploads\/2021\/08\/cropped-Color-logo-no-background-kopia-32x32.png 32w, https:\/\/jaroslawolewicz.com\/wydarzenia\/wp-content\/uploads\/2021\/08\/cropped-Color-logo-no-background-kopia.png 512w\" sizes=\"(max-width: 300px) 100vw, 300px\" \/>\t\t\t\t\t\t\t\t\t\t\t\t\t\t<\/div>\n\t\t\t\t\t\t<\/div>\n\t\t\t\t<\/div>\n\t\t\t\t<div class=\"elementor-element elementor-element-7de99d2b elementor-widget__width-initial elementor-widget elementor-widget-text-editor\" data-id=\"7de99d2b\" data-element_type=\"widget\" data-widget_type=\"text-editor.default\">\n\t\t\t\t<div class=\"elementor-widget-container\">\n\t\t\t\t\t\t\t\t<div class=\"elementor-text-editor elementor-clearfix\">\n\t\t\t\t\t<p class=\"styled-subtitle\">Poni\u017cej znajdziesz odno\u015bniki do opis\u00f3w trzech warsztat\u00f3w dost\u0119pnych na mojej stronie:\u00a0<a href=\"https:\/\/jaroslawolewicz.com\/kursy\/\" target=\"_blank\" rel=\"noopener\">kliknij!<\/a><\/p>\t\t\t\t\t<\/div>\n\t\t\t\t\t\t<\/div>\n\t\t\t\t<\/div>\n\t\t\t\t\t\t<\/div>\n\t\t\t\t\t<\/div>\n\t\t<\/div>\n\t\t\t\t\t\t\t\t<\/div>\n\t\t\t\t\t<\/div>\n\t\t<\/section>\n\t\t\t\t<section class=\"elementor-section elementor-top-section elementor-element elementor-element-5811915 elementor-section-full_width elementor-section-height-default elementor-section-height-default\" data-id=\"5811915\" data-element_type=\"section\" data-settings=\"{&quot;background_background&quot;:&quot;classic&quot;}\">\n\t\t\t\t\t\t<div class=\"elementor-container elementor-column-gap-thegem\">\n\t\t\t\t\t\t\t<div class=\"elementor-row\">\n\t\t\t\t\t<div class=\"elementor-column elementor-col-33 elementor-top-column elementor-element elementor-element-891df64\" data-id=\"891df64\" data-element_type=\"column\">\n\t\t\t<div class=\"elementor-column-wrap elementor-element-populated\">\n\t\t\t\t\t\t\t<div class=\"elementor-widget-wrap\">\n\t\t\t\t\t\t<div class=\"elementor-element elementor-element-9e447d9 elementor-widget elementor-widget-image\" data-id=\"9e447d9\" data-element_type=\"widget\" data-widget_type=\"image.default\">\n\t\t\t\t<div class=\"elementor-widget-container\">\n\t\t\t\t\t\t\t\t<div class=\"elementor-image\">\n\t\t\t\t\t\t\t\t\t\t\t\t\t<a href=\"https:\/\/jaroslawolewicz.com\/wydarzenia\/warsztaty-swiatla-uzdrawianie-ciala-swietlistego-12-21-12-2021\/\" target=\"_blank\">\n\t\t\t\t\t\t\t<img decoding=\"async\" width=\"740\" height=\"540\" src=\"https:\/\/jaroslawolewicz.com\/wydarzenia\/wp-content\/uploads\/2022\/04\/unnamed-2.png\" class=\"elementor-animation-grow attachment-large size-large\" alt=\"\" srcset=\"https:\/\/jaroslawolewicz.com\/wydarzenia\/wp-content\/uploads\/2022\/04\/unnamed-2.png 740w, https:\/\/jaroslawolewicz.com\/wydarzenia\/wp-content\/uploads\/2022\/04\/unnamed-2-300x219.png 300w\" sizes=\"(max-width: 740px) 100vw, 740px\" \/>\t\t\t\t\t\t\t\t<\/a>\n\t\t\t\t\t\t\t\t\t\t\t\t\t\t<\/div>\n\t\t\t\t\t\t<\/div>\n\t\t\t\t<\/div>\n\t\t\t\t\t\t<\/div>\n\t\t\t\t\t<\/div>\n\t\t<\/div>\n\t\t\t\t<div class=\"elementor-column elementor-col-33 elementor-top-column elementor-element elementor-element-815989b\" data-id=\"815989b\" data-element_type=\"column\">\n\t\t\t<div class=\"elementor-column-wrap elementor-element-populated\">\n\t\t\t\t\t\t\t<div class=\"elementor-widget-wrap\">\n\t\t\t\t\t\t<div class=\"elementor-element elementor-element-a1ae058 elementor-widget elementor-widget-image\" data-id=\"a1ae058\" data-element_type=\"widget\" data-widget_type=\"image.default\">\n\t\t\t\t<div class=\"elementor-widget-container\">\n\t\t\t\t\t\t\t\t<div class=\"elementor-image\">\n\t\t\t\t\t\t\t\t\t\t\t\t\t<a href=\"https:\/\/jaroslawolewicz.com\/wydarzenia\/odzyskaj-swoja-moc\/\" target=\"_blank\">\n\t\t\t\t\t\t\t<img decoding=\"async\" width=\"740\" height=\"540\" src=\"https:\/\/jaroslawolewicz.com\/wydarzenia\/wp-content\/uploads\/2022\/04\/21-dni-baner-bez-ceny.jpeg\" class=\"elementor-animation-grow attachment-large size-large\" alt=\"\" srcset=\"https:\/\/jaroslawolewicz.com\/wydarzenia\/wp-content\/uploads\/2022\/04\/21-dni-baner-bez-ceny.jpeg 740w, https:\/\/jaroslawolewicz.com\/wydarzenia\/wp-content\/uploads\/2022\/04\/21-dni-baner-bez-ceny-300x219.jpeg 300w\" sizes=\"(max-width: 740px) 100vw, 740px\" \/>\t\t\t\t\t\t\t\t<\/a>\n\t\t\t\t\t\t\t\t\t\t\t\t\t\t<\/div>\n\t\t\t\t\t\t<\/div>\n\t\t\t\t<\/div>\n\t\t\t\t\t\t<\/div>\n\t\t\t\t\t<\/div>\n\t\t<\/div>\n\t\t\t\t<div class=\"elementor-column elementor-col-33 elementor-top-column elementor-element elementor-element-d5f7400\" data-id=\"d5f7400\" data-element_type=\"column\">\n\t\t\t<div class=\"elementor-column-wrap elementor-element-populated\">\n\t\t\t\t\t\t\t<div class=\"elementor-widget-wrap\">\n\t\t\t\t\t\t<div class=\"elementor-element elementor-element-1000bf0 elementor-widget elementor-widget-image\" data-id=\"1000bf0\" data-element_type=\"widget\" data-widget_type=\"image.default\">\n\t\t\t\t<div class=\"elementor-widget-container\">\n\t\t\t\t\t\t\t\t<div class=\"elementor-image\">\n\t\t\t\t\t\t\t\t\t\t\t\t\t<a href=\"https:\/\/jaroslawolewicz.com\/wydarzenia\/przez-czakry-do-zdrowia\/\" target=\"_blank\">\n\t\t\t\t\t\t\t<img decoding=\"async\" width=\"800\" height=\"600\" src=\"https:\/\/jaroslawolewicz.com\/wydarzenia\/wp-content\/uploads\/2021\/11\/2.jpg\" class=\"elementor-animation-grow attachment-large size-large\" alt=\"\" srcset=\"https:\/\/jaroslawolewicz.com\/wydarzenia\/wp-content\/uploads\/2021\/11\/2.jpg 800w, https:\/\/jaroslawolewicz.com\/wydarzenia\/wp-content\/uploads\/2021\/11\/2-300x225.jpg 300w, https:\/\/jaroslawolewicz.com\/wydarzenia\/wp-content\/uploads\/2021\/11\/2-768x576.jpg 768w\" sizes=\"(max-width: 800px) 100vw, 800px\" \/>\t\t\t\t\t\t\t\t<\/a>\n\t\t\t\t\t\t\t\t\t\t\t\t\t\t<\/div>\n\t\t\t\t\t\t<\/div>\n\t\t\t\t<\/div>\n\t\t\t\t\t\t<\/div>\n\t\t\t\t\t<\/div>\n\t\t<\/div>\n\t\t\t\t\t\t\t\t<\/div>\n\t\t\t\t\t<\/div>\n\t\t<\/section>\n\t\t\t\t\t\t<\/div>\n\t\t\t\t\t\t<\/div>\n\t\t\t\t\t<\/div>\n\t\t","protected":false},"excerpt":{"rendered":"<p>Witaj na mojej stronie z wydarzeniami Poni\u017cej znajdziesz odno\u015bniki do opis\u00f3w trzech warsztat\u00f3w dost\u0119pnych na mojej stronie:\u00a0kliknij!<\/p>\n","protected":false},"author":1,"featured_media":0,"parent":0,"menu_order":0,"comment_status":"closed","ping_status":"closed","template":"page-fullwidth.php","meta":{"spay_email":"","footnotes":""},"class_list":["post-2497","page","type-page","status-publish"],"_links":{"self":[{"href":"https:\/\/jaroslawolewicz.com\/wydarzenia\/wp-json\/wp\/v2\/pages\/2497","targetHints":{"allow":["GET"]}}],"collection":[{"href":"https:\/\/jaroslawolewicz.com\/wydarzenia\/wp-json\/wp\/v2\/pages"}],"about":[{"href":"https:\/\/jaroslawolewicz.com\/wydarzenia\/wp-json\/wp\/v2\/types\/page"}],"author":[{"embeddable":true,"href":"https:\/\/jaroslawolewicz.com\/wydarzenia\/wp-json\/wp\/v2\/users\/1"}],"replies":[{"embeddable":true,"href":"https:\/\/jaroslawolewicz.com\/wydarzenia\/wp-json\/wp\/v2\/comments?post=2497"}],"version-history":[{"count":39,"href":"https:\/\/jaroslawolewicz.com\/wydarzenia\/wp-json\/wp\/v2\/pages\/2497\/revisions"}],"predecessor-version":[{"id":2559,"href":"https:\/\/jaroslawolewicz.com\/wydarzenia\/wp-json\/wp\/v2\/pages\/2497\/revisions\/2559"}],"wp:attachment":[{"href":"https:\/\/jaroslawolewicz.com\/wydarzenia\/wp-json\/wp\/v2\/media?parent=2497"}],"curies":[{"name":"wp","href":"https:\/\/api.w.org\/{rel}","templated":true}]}}